{"id":1076,"date":"2022-04-05T12:13:36","date_gmt":"2022-04-05T16:13:36","guid":{"rendered":"https:\/\/5df7d446a5.nxcli.io\/enroll\/"},"modified":"2022-04-11T17:12:40","modified_gmt":"2022-04-11T21:12:40","slug":"enroll","status":"publish","type":"page","link":"https:\/\/greenschoolvieques.com\/es\/enroll\/","title":{"rendered":"Inscr\u00edbase en"},"content":{"rendered":"\t\t<div data-elementor-type=\"wp-page\" data-elementor-id=\"1076\" class=\"elementor elementor-1076 elementor-546\" data-elementor-post-type=\"page\">\n\t\t\t\t\t\t\t\t\t<section class=\"elementor-section elementor-top-section elementor-element elementor-element-1cf3ccb8 elementor-section-height-min-height elementor-section-boxed elementor-section-height-default elementor-section-items-middle\" data-id=\"1cf3ccb8\" data-element_type=\"section\">\n\t\t\t\t\t\t<div class=\"elementor-container elementor-column-gap-default\">\n\t\t\t\t\t<div class=\"elementor-column elementor-col-100 elementor-top-column elementor-element elementor-element-b35c47b\" data-id=\"b35c47b\" data-element_type=\"column\">\n\t\t\t<div class=\"elementor-widget-wrap elementor-element-populated\">\n\t\t\t\t\t\t\t\t<div class=\"elementor-element elementor-element-263692ee elementor-widget elementor-widget-heading\" data-id=\"263692ee\" data-element_type=\"widget\" data-widget_type=\"heading.default\">\n\t\t\t\t<div class=\"elementor-widget-container\">\n\t\t\t<style>\/*! elementor - v3.14.0 - 26-06-2023 *\/\n.elementor-heading-title{padding:0;margin:0;line-height:1}.elementor-widget-heading .elementor-heading-title[class*=elementor-size-]>a{color:inherit;font-size:inherit;line-height:inherit}.elementor-widget-heading .elementor-heading-title.elementor-size-small{font-size:15px}.elementor-widget-heading .elementor-heading-title.elementor-size-medium{font-size:19px}.elementor-widget-heading .elementor-heading-title.elementor-size-large{font-size:29px}.elementor-widget-heading .elementor-heading-title.elementor-size-xl{font-size:39px}.elementor-widget-heading .elementor-heading-title.elementor-size-xxl{font-size:59px}<\/style><h2 class=\"elementor-heading-title elementor-size-default\">Inscr\u00edbase en<\/h2>\t\t<\/div>\n\t\t\t\t<\/div>\n\t\t\t\t<div class=\"elementor-element elementor-element-5d8c8e94 elementor-widget-divider--view-line elementor-widget elementor-widget-divider\" data-id=\"5d8c8e94\" data-element_type=\"widget\" data-widget_type=\"divider.default\">\n\t\t\t\t<div class=\"elementor-widget-container\">\n\t\t\t<style>\/*! elementor - v3.14.0 - 26-06-2023 *\/\n.elementor-widget-divider{--divider-border-style:none;--divider-border-width:1px;--divider-color:#0c0d0e;--divider-icon-size:20px;--divider-element-spacing:10px;--divider-pattern-height:24px;--divider-pattern-size:20px;--divider-pattern-url:none;--divider-pattern-repeat:repeat-x}.elementor-widget-divider .elementor-divider{display:flex}.elementor-widget-divider .elementor-divider__text{font-size:15px;line-height:1;max-width:95%}.elementor-widget-divider .elementor-divider__element{margin:0 var(--divider-element-spacing);flex-shrink:0}.elementor-widget-divider .elementor-icon{font-size:var(--divider-icon-size)}.elementor-widget-divider .elementor-divider-separator{display:flex;margin:0;direction:ltr}.elementor-widget-divider--view-line_icon .elementor-divider-separator,.elementor-widget-divider--view-line_text .elementor-divider-separator{align-items:center}.elementor-widget-divider--view-line_icon .elementor-divider-separator:after,.elementor-widget-divider--view-line_icon .elementor-divider-separator:before,.elementor-widget-divider--view-line_text .elementor-divider-separator:after,.elementor-widget-divider--view-line_text .elementor-divider-separator:before{display:block;content:\"\";border-bottom:0;flex-grow:1;border-top:var(--divider-border-width) var(--divider-border-style) var(--divider-color)}.elementor-widget-divider--element-align-left .elementor-divider .elementor-divider-separator>.elementor-divider__svg:first-of-type{flex-grow:0;flex-shrink:100}.elementor-widget-divider--element-align-left .elementor-divider-separator:before{content:none}.elementor-widget-divider--element-align-left .elementor-divider__element{margin-left:0}.elementor-widget-divider--element-align-right .elementor-divider .elementor-divider-separator>.elementor-divider__svg:last-of-type{flex-grow:0;flex-shrink:100}.elementor-widget-divider--element-align-right .elementor-divider-separator:after{content:none}.elementor-widget-divider--element-align-right .elementor-divider__element{margin-right:0}.elementor-widget-divider:not(.elementor-widget-divider--view-line_text):not(.elementor-widget-divider--view-line_icon) .elementor-divider-separator{border-top:var(--divider-border-width) var(--divider-border-style) var(--divider-color)}.elementor-widget-divider--separator-type-pattern{--divider-border-style:none}.elementor-widget-divider--separator-type-pattern.elementor-widget-divider--view-line .elementor-divider-separator,.elementor-widget-divider--separator-type-pattern:not(.elementor-widget-divider--view-line) .elementor-divider-separator:after,.elementor-widget-divider--separator-type-pattern:not(.elementor-widget-divider--view-line) .elementor-divider-separator:before,.elementor-widget-divider--separator-type-pattern:not([class*=elementor-widget-divider--view]) .elementor-divider-separator{width:100%;min-height:var(--divider-pattern-height);-webkit-mask-size:var(--divider-pattern-size) 100%;mask-size:var(--divider-pattern-size) 100%;-webkit-mask-repeat:var(--divider-pattern-repeat);mask-repeat:var(--divider-pattern-repeat);background-color:var(--divider-color);-webkit-mask-image:var(--divider-pattern-url);mask-image:var(--divider-pattern-url)}.elementor-widget-divider--no-spacing{--divider-pattern-size:auto}.elementor-widget-divider--bg-round{--divider-pattern-repeat:round}.rtl .elementor-widget-divider .elementor-divider__text{direction:rtl}.e-con-inner>.elementor-widget-divider,.e-con>.elementor-widget-divider{width:var(--container-widget-width,100%);--flex-grow:var(--container-widget-flex-grow)}<\/style>\t\t<div class=\"elementor-divider\">\n\t\t\t<span class=\"elementor-divider-separator\">\n\t\t\t\t\t\t<\/span>\n\t\t<\/div>\n\t\t\t\t<\/div>\n\t\t\t\t<\/div>\n\t\t\t\t\t<\/div>\n\t\t<\/div>\n\t\t\t\t\t\t\t<\/div>\n\t\t<\/section>\n\t\t\t\t<section class=\"elementor-section elementor-top-section elementor-element elementor-element-7d20294a elementor-section-boxed elementor-section-height-default elementor-section-height-default\" data-id=\"7d20294a\" data-element_type=\"section\">\n\t\t\t\t\t\t<div class=\"elementor-container elementor-column-gap-default\">\n\t\t\t\t\t<div class=\"elementor-column elementor-col-100 elementor-top-column elementor-element elementor-element-d923c9a\" data-id=\"d923c9a\" data-element_type=\"column\">\n\t\t\t<div class=\"elementor-widget-wrap elementor-element-populated\">\n\t\t\t\t\t\t\t\t<section class=\"elementor-section elementor-inner-section elementor-element elementor-element-75a6cf6c elementor-section-boxed elementor-section-height-default elementor-section-height-default\" data-id=\"75a6cf6c\" data-element_type=\"section\">\n\t\t\t\t\t\t<div class=\"elementor-container elementor-column-gap-default\">\n\t\t\t\t\t<div class=\"elementor-column elementor-col-100 elementor-inner-column elementor-element elementor-element-3798045d\" data-id=\"3798045d\" data-element_type=\"column\">\n\t\t\t<div class=\"elementor-widget-wrap elementor-element-populated\">\n\t\t\t\t\t\t\t\t<div class=\"elementor-element elementor-element-1e9be636 elementor-widget elementor-widget-text-editor\" data-id=\"1e9be636\" data-element_type=\"widget\" data-widget_type=\"text-editor.default\">\n\t\t\t\t<div class=\"elementor-widget-container\">\n\t\t\t<style>\/*! elementor - v3.14.0 - 26-06-2023 *\/\n.elementor-widget-text-editor.elementor-drop-cap-view-stacked .elementor-drop-cap{background-color:#69727d;color:#fff}.elementor-widget-text-editor.elementor-drop-cap-view-framed .elementor-drop-cap{color:#69727d;border:3px solid;background-color:transparent}.elementor-widget-text-editor:not(.elementor-drop-cap-view-default) .elementor-drop-cap{margin-top:8px}.elementor-widget-text-editor:not(.elementor-drop-cap-view-default) .elementor-drop-cap-letter{width:1em;height:1em}.elementor-widget-text-editor .elementor-drop-cap{float:left;text-align:center;line-height:1;font-size:50px}.elementor-widget-text-editor .elementor-drop-cap-letter{display:inline-block}<\/style>\t\t\t\tEmpiece hoy mismo el viaje de su familia.\t\t\t\t\t\t<\/div>\n\t\t\t\t<\/div>\n\t\t\t\t<div class=\"elementor-element elementor-element-23ddf190 elementor-widget elementor-widget-text-editor\" data-id=\"23ddf190\" data-element_type=\"widget\" data-widget_type=\"text-editor.default\">\n\t\t\t\t<div class=\"elementor-widget-container\">\n\t\t\t\t\t\t\t<p>Actualmente estamos aceptando solicitudes para el Estudio Elemental (grados 2 a 5) para el a\u00f1o escolar 2022-2023. Las solicitudes pueden presentarse en cualquier momento, pero se estudian por orden de llegada.  <\/p><p><em>Antes de presentar su solicitud, debe considerar cuidadosamente si la Escuela Verde puede ser una buena opci\u00f3n para usted y su familia.<\/em><\/p>\t\t\t\t\t\t<\/div>\n\t\t\t\t<\/div>\n\t\t\t\t<div class=\"elementor-element elementor-element-40bc285d elementor-widget elementor-widget-text-editor\" data-id=\"40bc285d\" data-element_type=\"widget\" data-widget_type=\"text-editor.default\">\n\t\t\t\t<div class=\"elementor-widget-container\">\n\t\t\t\t\t\t\t<p>La Escuela Verde puede ser una <strong>opci\u00f3n excelente<\/strong> para:<\/p>\t\t\t\t\t\t<\/div>\n\t\t\t\t<\/div>\n\t\t\t\t<div class=\"elementor-element elementor-element-43eb1c4d elementor-widget elementor-widget-text-editor\" data-id=\"43eb1c4d\" data-element_type=\"widget\" data-widget_type=\"text-editor.default\">\n\t\t\t\t<div class=\"elementor-widget-container\">\n\t\t\t\t\t\t\t<ul><li>Padres y cuidadores que quieren que sus hijos se conviertan en aprendices independientes y autodirigidos<\/li><li>Personas que creen que el sistema escolar tradicional ya no sirve para preparar a los ni\u00f1os para el mundo moderno<\/li><li>Empresarios<\/li><li>Creadores y creativos<\/li><li>Pensadores innovadores<\/li><li>Personas que desean los beneficios del aprendizaje dirigido por el ni\u00f1o sin tener que comprometerse a tiempo completo con la educaci\u00f3n en casa<\/li><li>Familias con horarios flexibles  <\/li><li>Personas que necesitan una asistencia flexible por sus viajes y obligaciones familiares. (Funcionaremos con un calendario de 11 meses con sesiones de 4 a 7 semanas y descansos entre ellas)<\/li><li>Ni\u00f1os que quieren tiempo adicional para perseguir sus pasiones m\u00e1s all\u00e1 de las horas tradicionales despu\u00e9s de la escuela<\/li><li>Personas que quieren maximizar su tiempo en familia<\/li><li>Pioneros y creadores de tendencias<\/li><li>Familias que valoran su libertad y quieren que sus hijos desarrollen el amor por el aprendizaje<\/li><\/ul>\t\t\t\t\t\t<\/div>\n\t\t\t\t<\/div>\n\t\t\t\t<div class=\"elementor-element elementor-element-1365ae6b elementor-widget elementor-widget-text-editor\" data-id=\"1365ae6b\" data-element_type=\"widget\" data-widget_type=\"text-editor.default\">\n\t\t\t\t<div class=\"elementor-widget-container\">\n\t\t\t\t\t\t\t<p>La escuela verde puede ser una <strong>mala<\/strong> opci\u00f3n para:<\/p>\t\t\t\t\t\t<\/div>\n\t\t\t\t<\/div>\n\t\t\t\t<div class=\"elementor-element elementor-element-2ff0921e elementor-widget elementor-widget-text-editor\" data-id=\"2ff0921e\" data-element_type=\"widget\" data-widget_type=\"text-editor.default\">\n\t\t\t\t<div class=\"elementor-widget-container\">\n\t\t\t\t\t\t\t<ol><li>Los que atesoran el prestigio social y realmente prefieren una educaci\u00f3n tradicional.<\/li><li>Aquellos que son \u00abculpables\u00bb y que, en \u00faltima instancia, cotillear\u00e1n y criticar\u00e1n, pase lo que pase.<\/li><li>Los que no est\u00e1n seguros de que su hijo est\u00e9 a\u00fan preparado para la responsabilidad y las luchas -y ocasionales l\u00e1grimas- del aprendizaje verdaderamente independiente (y puede que tengan raz\u00f3n).<\/li><li>Aquellos que no est\u00e1n comprometidos con el Viaje del H\u00e9roe por s\u00ed mismos.<\/li><\/ol><div> <\/div>\t\t\t\t\t\t<\/div>\n\t\t\t\t<\/div>\n\t\t\t\t\t<\/div>\n\t\t<\/div>\n\t\t\t\t\t\t\t<\/div>\n\t\t<\/section>\n\t\t\t\t\t<\/div>\n\t\t<\/div>\n\t\t\t\t\t\t\t<\/div>\n\t\t<\/section>\n\t\t\t\t\t\t\t<\/div>\n\t\t","protected":false},"excerpt":{"rendered":"<p>Inscr\u00edbase en Empiece hoy mismo el viaje de su familia. Actualmente estamos aceptando solicitudes para el Estudio Elemental (grados 2 a 5) para el a\u00f1o escolar 2022-2023. Las solicitudes pueden presentarse en cualquier momento, pero se estudian por orden de llegada. Antes de presentar su solicitud, debe considerar cuidadosamente si la Escuela Verde puede ser [&hellip;]<\/p>\n","protected":false},"author":9,"featured_media":0,"parent":0,"menu_order":0,"comment_status":"closed","ping_status":"closed","template":"","meta":[],"yoast_head":"<!-- This site is optimized with the Yoast SEO plugin v21.2 - https:\/\/yoast.com\/wordpress\/plugins\/seo\/ -->\n<title>Inscr\u00edbase en - ESCUELA VERDE<\/title>\n<meta name=\"robots\" content=\"index, follow, max-snippet:-1, max-image-preview:large, max-video-preview:-1\" \/>\n<link rel=\"canonical\" href=\"https:\/\/greenschoolvieques.com\/es\/enroll\/\" \/>\n<meta property=\"og:locale\" content=\"es_ES\" \/>\n<meta property=\"og:type\" content=\"article\" \/>\n<meta property=\"og:title\" content=\"Inscr\u00edbase en - ESCUELA VERDE\" \/>\n<meta property=\"og:description\" content=\"Inscr\u00edbase en Empiece hoy mismo el viaje de su familia. Actualmente estamos aceptando solicitudes para el Estudio Elemental (grados 2 a 5) para el a\u00f1o escolar 2022-2023. Las solicitudes pueden presentarse en cualquier momento, pero se estudian por orden de llegada. Antes de presentar su solicitud, debe considerar cuidadosamente si la Escuela Verde puede ser [&hellip;]\" \/>\n<meta property=\"og:url\" content=\"https:\/\/greenschoolvieques.com\/es\/enroll\/\" \/>\n<meta property=\"og:site_name\" content=\"ESCUELA VERDE\" \/>\n<meta property=\"article:modified_time\" content=\"2022-04-11T21:12:40+00:00\" \/>\n<meta name=\"twitter:card\" content=\"summary_large_image\" \/>\n<meta name=\"twitter:label1\" content=\"Tiempo de lectura\" \/>\n\t<meta name=\"twitter:data1\" content=\"2 minutos\" \/>\n<script type=\"application\/ld+json\" class=\"yoast-schema-graph\">{\"@context\":\"https:\/\/schema.org\",\"@graph\":[{\"@type\":\"WebPage\",\"@id\":\"https:\/\/greenschoolvieques.com\/es\/enroll\/\",\"url\":\"https:\/\/greenschoolvieques.com\/es\/enroll\/\",\"name\":\"Inscr\u00edbase en - ESCUELA VERDE\",\"isPartOf\":{\"@id\":\"https:\/\/greenschoolvieques.com\/es\/#website\"},\"datePublished\":\"2022-04-05T16:13:36+00:00\",\"dateModified\":\"2022-04-11T21:12:40+00:00\",\"breadcrumb\":{\"@id\":\"https:\/\/greenschoolvieques.com\/es\/enroll\/#breadcrumb\"},\"inLanguage\":\"es\",\"potentialAction\":[{\"@type\":\"ReadAction\",\"target\":[\"https:\/\/greenschoolvieques.com\/es\/enroll\/\"]}]},{\"@type\":\"BreadcrumbList\",\"@id\":\"https:\/\/greenschoolvieques.com\/es\/enroll\/#breadcrumb\",\"itemListElement\":[{\"@type\":\"ListItem\",\"position\":1,\"name\":\"Home\",\"item\":\"https:\/\/greenschoolvieques.com\/es\/\"},{\"@type\":\"ListItem\",\"position\":2,\"name\":\"Inscr\u00edbase en\"}]},{\"@type\":\"WebSite\",\"@id\":\"https:\/\/greenschoolvieques.com\/es\/#website\",\"url\":\"https:\/\/greenschoolvieques.com\/es\/\",\"name\":\"ESCUELA VERDE\",\"description\":\"Acton Academy Vieques\",\"publisher\":{\"@id\":\"https:\/\/greenschoolvieques.com\/es\/#organization\"},\"potentialAction\":[{\"@type\":\"SearchAction\",\"target\":{\"@type\":\"EntryPoint\",\"urlTemplate\":\"https:\/\/greenschoolvieques.com\/es\/?s={search_term_string}\"},\"query-input\":\"required name=search_term_string\"}],\"inLanguage\":\"es\"},{\"@type\":\"Organization\",\"@id\":\"https:\/\/greenschoolvieques.com\/es\/#organization\",\"name\":\"ESCUELA VERDE\",\"url\":\"https:\/\/greenschoolvieques.com\/es\/\",\"logo\":{\"@type\":\"ImageObject\",\"inLanguage\":\"es\",\"@id\":\"https:\/\/greenschoolvieques.com\/es\/#\/schema\/logo\/image\/\",\"url\":\"https:\/\/greenschoolvieques.com\/wp-content\/uploads\/2022\/03\/Green-School-3.png\",\"contentUrl\":\"https:\/\/greenschoolvieques.com\/wp-content\/uploads\/2022\/03\/Green-School-3.png\",\"width\":500,\"height\":500,\"caption\":\"ESCUELA VERDE\"},\"image\":{\"@id\":\"https:\/\/greenschoolvieques.com\/es\/#\/schema\/logo\/image\/\"}}]}<\/script>\n<!-- \/ Yoast SEO plugin. -->","yoast_head_json":{"title":"Inscr\u00edbase en - ESCUELA VERDE","robots":{"index":"index","follow":"follow","max-snippet":"max-snippet:-1","max-image-preview":"max-image-preview:large","max-video-preview":"max-video-preview:-1"},"canonical":"https:\/\/greenschoolvieques.com\/es\/enroll\/","og_locale":"es_ES","og_type":"article","og_title":"Inscr\u00edbase en - ESCUELA VERDE","og_description":"Inscr\u00edbase en Empiece hoy mismo el viaje de su familia. Actualmente estamos aceptando solicitudes para el Estudio Elemental (grados 2 a 5) para el a\u00f1o escolar 2022-2023. Las solicitudes pueden presentarse en cualquier momento, pero se estudian por orden de llegada. Antes de presentar su solicitud, debe considerar cuidadosamente si la Escuela Verde puede ser [&hellip;]","og_url":"https:\/\/greenschoolvieques.com\/es\/enroll\/","og_site_name":"ESCUELA VERDE","article_modified_time":"2022-04-11T21:12:40+00:00","twitter_card":"summary_large_image","twitter_misc":{"Tiempo de lectura":"2 minutos"},"schema":{"@context":"https:\/\/schema.org","@graph":[{"@type":"WebPage","@id":"https:\/\/greenschoolvieques.com\/es\/enroll\/","url":"https:\/\/greenschoolvieques.com\/es\/enroll\/","name":"Inscr\u00edbase en - ESCUELA VERDE","isPartOf":{"@id":"https:\/\/greenschoolvieques.com\/es\/#website"},"datePublished":"2022-04-05T16:13:36+00:00","dateModified":"2022-04-11T21:12:40+00:00","breadcrumb":{"@id":"https:\/\/greenschoolvieques.com\/es\/enroll\/#breadcrumb"},"inLanguage":"es","potentialAction":[{"@type":"ReadAction","target":["https:\/\/greenschoolvieques.com\/es\/enroll\/"]}]},{"@type":"BreadcrumbList","@id":"https:\/\/greenschoolvieques.com\/es\/enroll\/#breadcrumb","itemListElement":[{"@type":"ListItem","position":1,"name":"Home","item":"https:\/\/greenschoolvieques.com\/es\/"},{"@type":"ListItem","position":2,"name":"Inscr\u00edbase en"}]},{"@type":"WebSite","@id":"https:\/\/greenschoolvieques.com\/es\/#website","url":"https:\/\/greenschoolvieques.com\/es\/","name":"ESCUELA VERDE","description":"Acton Academy Vieques","publisher":{"@id":"https:\/\/greenschoolvieques.com\/es\/#organization"},"potentialAction":[{"@type":"SearchAction","target":{"@type":"EntryPoint","urlTemplate":"https:\/\/greenschoolvieques.com\/es\/?s={search_term_string}"},"query-input":"required name=search_term_string"}],"inLanguage":"es"},{"@type":"Organization","@id":"https:\/\/greenschoolvieques.com\/es\/#organization","name":"ESCUELA VERDE","url":"https:\/\/greenschoolvieques.com\/es\/","logo":{"@type":"ImageObject","inLanguage":"es","@id":"https:\/\/greenschoolvieques.com\/es\/#\/schema\/logo\/image\/","url":"https:\/\/greenschoolvieques.com\/wp-content\/uploads\/2022\/03\/Green-School-3.png","contentUrl":"https:\/\/greenschoolvieques.com\/wp-content\/uploads\/2022\/03\/Green-School-3.png","width":500,"height":500,"caption":"ESCUELA VERDE"},"image":{"@id":"https:\/\/greenschoolvieques.com\/es\/#\/schema\/logo\/image\/"}}]}},"_links":{"self":[{"href":"https:\/\/greenschoolvieques.com\/es\/wp-json\/wp\/v2\/pages\/1076"}],"collection":[{"href":"https:\/\/greenschoolvieques.com\/es\/wp-json\/wp\/v2\/pages"}],"about":[{"href":"https:\/\/greenschoolvieques.com\/es\/wp-json\/wp\/v2\/types\/page"}],"author":[{"embeddable":true,"href":"https:\/\/greenschoolvieques.com\/es\/wp-json\/wp\/v2\/users\/9"}],"replies":[{"embeddable":true,"href":"https:\/\/greenschoolvieques.com\/es\/wp-json\/wp\/v2\/comments?post=1076"}],"version-history":[{"count":5,"href":"https:\/\/greenschoolvieques.com\/es\/wp-json\/wp\/v2\/pages\/1076\/revisions"}],"predecessor-version":[{"id":1244,"href":"https:\/\/greenschoolvieques.com\/es\/wp-json\/wp\/v2\/pages\/1076\/revisions\/1244"}],"wp:attachment":[{"href":"https:\/\/greenschoolvieques.com\/es\/wp-json\/wp\/v2\/media?parent=1076"}],"curies":[{"name":"wp","href":"https:\/\/api.w.org\/{rel}","templated":true}]}}