{"id":868,"date":"2022-04-05T12:09:55","date_gmt":"2022-04-05T16:09:55","guid":{"rendered":"https:\/\/5df7d446a5.nxcli.io\/donar\/"},"modified":"2022-04-10T16:32:11","modified_gmt":"2022-04-10T20:32:11","slug":"donar","status":"publish","type":"page","link":"https:\/\/greenschoolvieques.com\/es\/donar\/","title":{"rendered":"Donar"},"content":{"rendered":"\t\t<div data-elementor-type=\"wp-page\" data-elementor-id=\"868\" class=\"elementor elementor-868 elementor-534\" data-elementor-post-type=\"page\">\n\t\t\t\t\t\t\t\t\t<section class=\"elementor-section elementor-top-section elementor-element elementor-element-6115e690 elementor-section-height-min-height elementor-section-boxed elementor-section-height-default elementor-section-items-middle\" data-id=\"6115e690\" data-element_type=\"section\">\n\t\t\t\t\t\t<div class=\"elementor-container elementor-column-gap-default\">\n\t\t\t\t\t<div class=\"elementor-column elementor-col-100 elementor-top-column elementor-element elementor-element-6b9fdc5a\" data-id=\"6b9fdc5a\" data-element_type=\"column\">\n\t\t\t<div class=\"elementor-widget-wrap elementor-element-populated\">\n\t\t\t\t\t\t\t\t<div class=\"elementor-element elementor-element-240b502b elementor-widget elementor-widget-heading\" data-id=\"240b502b\" data-element_type=\"widget\" data-widget_type=\"heading.default\">\n\t\t\t\t<div class=\"elementor-widget-container\">\n\t\t\t<style>\/*! elementor - v3.14.0 - 26-06-2023 *\/\n.elementor-heading-title{padding:0;margin:0;line-height:1}.elementor-widget-heading .elementor-heading-title[class*=elementor-size-]>a{color:inherit;font-size:inherit;line-height:inherit}.elementor-widget-heading .elementor-heading-title.elementor-size-small{font-size:15px}.elementor-widget-heading .elementor-heading-title.elementor-size-medium{font-size:19px}.elementor-widget-heading .elementor-heading-title.elementor-size-large{font-size:29px}.elementor-widget-heading .elementor-heading-title.elementor-size-xl{font-size:39px}.elementor-widget-heading .elementor-heading-title.elementor-size-xxl{font-size:59px}<\/style><h2 class=\"elementor-heading-title elementor-size-default\">Donar<\/h2>\t\t<\/div>\n\t\t\t\t<\/div>\n\t\t\t\t<div class=\"elementor-element elementor-element-5e9d04c6 elementor-widget-divider--view-line elementor-widget elementor-widget-divider\" data-id=\"5e9d04c6\" data-element_type=\"widget\" data-widget_type=\"divider.default\">\n\t\t\t\t<div class=\"elementor-widget-container\">\n\t\t\t<style>\/*! elementor - v3.14.0 - 26-06-2023 *\/\n.elementor-widget-divider{--divider-border-style:none;--divider-border-width:1px;--divider-color:#0c0d0e;--divider-icon-size:20px;--divider-element-spacing:10px;--divider-pattern-height:24px;--divider-pattern-size:20px;--divider-pattern-url:none;--divider-pattern-repeat:repeat-x}.elementor-widget-divider .elementor-divider{display:flex}.elementor-widget-divider .elementor-divider__text{font-size:15px;line-height:1;max-width:95%}.elementor-widget-divider .elementor-divider__element{margin:0 var(--divider-element-spacing);flex-shrink:0}.elementor-widget-divider .elementor-icon{font-size:var(--divider-icon-size)}.elementor-widget-divider .elementor-divider-separator{display:flex;margin:0;direction:ltr}.elementor-widget-divider--view-line_icon .elementor-divider-separator,.elementor-widget-divider--view-line_text .elementor-divider-separator{align-items:center}.elementor-widget-divider--view-line_icon .elementor-divider-separator:after,.elementor-widget-divider--view-line_icon .elementor-divider-separator:before,.elementor-widget-divider--view-line_text .elementor-divider-separator:after,.elementor-widget-divider--view-line_text .elementor-divider-separator:before{display:block;content:\"\";border-bottom:0;flex-grow:1;border-top:var(--divider-border-width) var(--divider-border-style) var(--divider-color)}.elementor-widget-divider--element-align-left .elementor-divider .elementor-divider-separator>.elementor-divider__svg:first-of-type{flex-grow:0;flex-shrink:100}.elementor-widget-divider--element-align-left .elementor-divider-separator:before{content:none}.elementor-widget-divider--element-align-left .elementor-divider__element{margin-left:0}.elementor-widget-divider--element-align-right .elementor-divider .elementor-divider-separator>.elementor-divider__svg:last-of-type{flex-grow:0;flex-shrink:100}.elementor-widget-divider--element-align-right .elementor-divider-separator:after{content:none}.elementor-widget-divider--element-align-right .elementor-divider__element{margin-right:0}.elementor-widget-divider:not(.elementor-widget-divider--view-line_text):not(.elementor-widget-divider--view-line_icon) .elementor-divider-separator{border-top:var(--divider-border-width) var(--divider-border-style) var(--divider-color)}.elementor-widget-divider--separator-type-pattern{--divider-border-style:none}.elementor-widget-divider--separator-type-pattern.elementor-widget-divider--view-line .elementor-divider-separator,.elementor-widget-divider--separator-type-pattern:not(.elementor-widget-divider--view-line) .elementor-divider-separator:after,.elementor-widget-divider--separator-type-pattern:not(.elementor-widget-divider--view-line) .elementor-divider-separator:before,.elementor-widget-divider--separator-type-pattern:not([class*=elementor-widget-divider--view]) .elementor-divider-separator{width:100%;min-height:var(--divider-pattern-height);-webkit-mask-size:var(--divider-pattern-size) 100%;mask-size:var(--divider-pattern-size) 100%;-webkit-mask-repeat:var(--divider-pattern-repeat);mask-repeat:var(--divider-pattern-repeat);background-color:var(--divider-color);-webkit-mask-image:var(--divider-pattern-url);mask-image:var(--divider-pattern-url)}.elementor-widget-divider--no-spacing{--divider-pattern-size:auto}.elementor-widget-divider--bg-round{--divider-pattern-repeat:round}.rtl .elementor-widget-divider .elementor-divider__text{direction:rtl}.e-con-inner>.elementor-widget-divider,.e-con>.elementor-widget-divider{width:var(--container-widget-width,100%);--flex-grow:var(--container-widget-flex-grow)}<\/style>\t\t<div class=\"elementor-divider\">\n\t\t\t<span class=\"elementor-divider-separator\">\n\t\t\t\t\t\t<\/span>\n\t\t<\/div>\n\t\t\t\t<\/div>\n\t\t\t\t<\/div>\n\t\t\t\t\t<\/div>\n\t\t<\/div>\n\t\t\t\t\t\t\t<\/div>\n\t\t<\/section>\n\t\t\t\t<section class=\"elementor-section elementor-top-section elementor-element elementor-element-cf9ad48 elementor-section-boxed elementor-section-height-default elementor-section-height-default\" data-id=\"cf9ad48\" data-element_type=\"section\">\n\t\t\t\t\t\t<div class=\"elementor-container elementor-column-gap-default\">\n\t\t\t\t\t<div class=\"elementor-column elementor-col-100 elementor-top-column elementor-element elementor-element-7e4aef34\" data-id=\"7e4aef34\" data-element_type=\"column\">\n\t\t\t<div class=\"elementor-widget-wrap elementor-element-populated\">\n\t\t\t\t\t\t\t\t<section class=\"elementor-section elementor-inner-section elementor-element elementor-element-c469aa9 elementor-section-boxed elementor-section-height-default elementor-section-height-default\" data-id=\"c469aa9\" data-element_type=\"section\">\n\t\t\t\t\t\t<div class=\"elementor-container elementor-column-gap-default\">\n\t\t\t\t\t<div class=\"elementor-column elementor-col-100 elementor-inner-column elementor-element elementor-element-1bca7844\" data-id=\"1bca7844\" data-element_type=\"column\">\n\t\t\t<div class=\"elementor-widget-wrap elementor-element-populated\">\n\t\t\t\t\t\t\t\t<div class=\"elementor-element elementor-element-1c37dde2 elementor-widget elementor-widget-text-editor\" data-id=\"1c37dde2\" data-element_type=\"widget\" data-widget_type=\"text-editor.default\">\n\t\t\t\t<div class=\"elementor-widget-container\">\n\t\t\t<style>\/*! elementor - v3.14.0 - 26-06-2023 *\/\n.elementor-widget-text-editor.elementor-drop-cap-view-stacked .elementor-drop-cap{background-color:#69727d;color:#fff}.elementor-widget-text-editor.elementor-drop-cap-view-framed .elementor-drop-cap{color:#69727d;border:3px solid;background-color:transparent}.elementor-widget-text-editor:not(.elementor-drop-cap-view-default) .elementor-drop-cap{margin-top:8px}.elementor-widget-text-editor:not(.elementor-drop-cap-view-default) .elementor-drop-cap-letter{width:1em;height:1em}.elementor-widget-text-editor .elementor-drop-cap{float:left;text-align:center;line-height:1;font-size:50px}.elementor-widget-text-editor .elementor-drop-cap-letter{display:inline-block}<\/style>\t\t\t\t<p><strong>ESCUELA VERDE<\/strong> &#8211; Acton Academy Vieques es una escuela privada (patrocinador fiscal local sin fines de lucro 501-(c)(3) \u00ab<span style=\"text-decoration: underline;\">\n  <a href=\"https:\/\/www.juntosvieques.com\/\" target=\"_blank\" rel=\"noopener\">juntos Vieques<\/a>\n<\/span>\u00ab) con la misi\u00f3n de inspirar a cada ni\u00f1o y padre a encontrar una vocaci\u00f3n que cambie el mundo.<\/p><p>Su contribuci\u00f3n, deducible de impuestos, ayudar\u00e1 a beneficiar el desarrollo del programa GREEN SCHOOL &#8211; Acton Academy Vieques, nuestro programa de becas, nuestros programas extraescolares GREEN, y\/o la Feria de Negocios para Ni\u00f1os (CBF). En la parte superior derecha de la p\u00e1gina de inicio de Juntos Vieques hay un bot\u00f3n de <a href=\"https:\/\/www.juntosvieques.com\/\" target=\"_blank\" rel=\"noopener\">DONATE<\/a> f\u00e1cil de usar.  <\/p>\t\t\t\t\t\t<\/div>\n\t\t\t\t<\/div>\n\t\t\t\t\t<\/div>\n\t\t<\/div>\n\t\t\t\t\t\t\t<\/div>\n\t\t<\/section>\n\t\t\t\t\t<\/div>\n\t\t<\/div>\n\t\t\t\t\t\t\t<\/div>\n\t\t<\/section>\n\t\t\t\t<section class=\"elementor-section elementor-top-section elementor-element elementor-element-c77a67c elementor-section-boxed elementor-section-height-default elementor-section-height-default\" data-id=\"c77a67c\" data-element_type=\"section\">\n\t\t\t\t\t\t<div class=\"elementor-container elementor-column-gap-default\">\n\t\t\t\t\t<div class=\"elementor-column elementor-col-100 elementor-top-column elementor-element elementor-element-7b0a95a\" data-id=\"7b0a95a\" data-element_type=\"column\">\n\t\t\t<div class=\"elementor-widget-wrap\">\n\t\t\t\t\t\t\t\t\t<\/div>\n\t\t<\/div>\n\t\t\t\t\t\t\t<\/div>\n\t\t<\/section>\n\t\t\t\t\t\t\t<\/div>\n\t\t","protected":false},"excerpt":{"rendered":"<p>Donar ESCUELA VERDE &#8211; Acton Academy Vieques es una escuela privada (patrocinador fiscal local sin fines de lucro 501-(c)(3) \u00ab juntos Vieques \u00ab) con la misi\u00f3n de inspirar a cada ni\u00f1o y padre a encontrar una vocaci\u00f3n que cambie el mundo. Su contribuci\u00f3n, deducible de impuestos, ayudar\u00e1 a beneficiar el desarrollo del programa GREEN SCHOOL [&hellip;]<\/p>\n","protected":false},"author":9,"featured_media":0,"parent":0,"menu_order":0,"comment_status":"closed","ping_status":"closed","template":"","meta":[],"yoast_head":"<!-- This site is optimized with the Yoast SEO plugin v21.2 - https:\/\/yoast.com\/wordpress\/plugins\/seo\/ -->\n<title>Donar - ESCUELA VERDE<\/title>\n<meta name=\"robots\" content=\"index, follow, max-snippet:-1, max-image-preview:large, max-video-preview:-1\" \/>\n<link rel=\"canonical\" href=\"https:\/\/greenschoolvieques.com\/es\/donar\/\" \/>\n<meta property=\"og:locale\" content=\"es_ES\" \/>\n<meta property=\"og:type\" content=\"article\" \/>\n<meta property=\"og:title\" content=\"Donar - ESCUELA VERDE\" \/>\n<meta property=\"og:description\" content=\"Donar ESCUELA VERDE &#8211; Acton Academy Vieques es una escuela privada (patrocinador fiscal local sin fines de lucro 501-(c)(3) \u00ab juntos Vieques \u00ab) con la misi\u00f3n de inspirar a cada ni\u00f1o y padre a encontrar una vocaci\u00f3n que cambie el mundo. Su contribuci\u00f3n, deducible de impuestos, ayudar\u00e1 a beneficiar el desarrollo del programa GREEN SCHOOL [&hellip;]\" \/>\n<meta property=\"og:url\" content=\"https:\/\/greenschoolvieques.com\/es\/donar\/\" \/>\n<meta property=\"og:site_name\" content=\"ESCUELA VERDE\" \/>\n<meta property=\"article:modified_time\" content=\"2022-04-10T20:32:11+00:00\" \/>\n<meta name=\"twitter:card\" content=\"summary_large_image\" \/>\n<meta name=\"twitter:label1\" content=\"Tiempo de lectura\" \/>\n\t<meta name=\"twitter:data1\" content=\"1 minuto\" \/>\n<script type=\"application\/ld+json\" class=\"yoast-schema-graph\">{\"@context\":\"https:\/\/schema.org\",\"@graph\":[{\"@type\":\"WebPage\",\"@id\":\"https:\/\/greenschoolvieques.com\/es\/donar\/\",\"url\":\"https:\/\/greenschoolvieques.com\/es\/donar\/\",\"name\":\"Donar - ESCUELA VERDE\",\"isPartOf\":{\"@id\":\"https:\/\/greenschoolvieques.com\/es\/#website\"},\"datePublished\":\"2022-04-05T16:09:55+00:00\",\"dateModified\":\"2022-04-10T20:32:11+00:00\",\"breadcrumb\":{\"@id\":\"https:\/\/greenschoolvieques.com\/es\/donar\/#breadcrumb\"},\"inLanguage\":\"es\",\"potentialAction\":[{\"@type\":\"ReadAction\",\"target\":[\"https:\/\/greenschoolvieques.com\/es\/donar\/\"]}]},{\"@type\":\"BreadcrumbList\",\"@id\":\"https:\/\/greenschoolvieques.com\/es\/donar\/#breadcrumb\",\"itemListElement\":[{\"@type\":\"ListItem\",\"position\":1,\"name\":\"Home\",\"item\":\"https:\/\/greenschoolvieques.com\/es\/\"},{\"@type\":\"ListItem\",\"position\":2,\"name\":\"Donar\"}]},{\"@type\":\"WebSite\",\"@id\":\"https:\/\/greenschoolvieques.com\/es\/#website\",\"url\":\"https:\/\/greenschoolvieques.com\/es\/\",\"name\":\"ESCUELA VERDE\",\"description\":\"Acton Academy Vieques\",\"publisher\":{\"@id\":\"https:\/\/greenschoolvieques.com\/es\/#organization\"},\"potentialAction\":[{\"@type\":\"SearchAction\",\"target\":{\"@type\":\"EntryPoint\",\"urlTemplate\":\"https:\/\/greenschoolvieques.com\/es\/?s={search_term_string}\"},\"query-input\":\"required name=search_term_string\"}],\"inLanguage\":\"es\"},{\"@type\":\"Organization\",\"@id\":\"https:\/\/greenschoolvieques.com\/es\/#organization\",\"name\":\"ESCUELA VERDE\",\"url\":\"https:\/\/greenschoolvieques.com\/es\/\",\"logo\":{\"@type\":\"ImageObject\",\"inLanguage\":\"es\",\"@id\":\"https:\/\/greenschoolvieques.com\/es\/#\/schema\/logo\/image\/\",\"url\":\"https:\/\/greenschoolvieques.com\/wp-content\/uploads\/2022\/03\/Green-School-3.png\",\"contentUrl\":\"https:\/\/greenschoolvieques.com\/wp-content\/uploads\/2022\/03\/Green-School-3.png\",\"width\":500,\"height\":500,\"caption\":\"ESCUELA VERDE\"},\"image\":{\"@id\":\"https:\/\/greenschoolvieques.com\/es\/#\/schema\/logo\/image\/\"}}]}<\/script>\n<!-- \/ Yoast SEO plugin. -->","yoast_head_json":{"title":"Donar - ESCUELA VERDE","robots":{"index":"index","follow":"follow","max-snippet":"max-snippet:-1","max-image-preview":"max-image-preview:large","max-video-preview":"max-video-preview:-1"},"canonical":"https:\/\/greenschoolvieques.com\/es\/donar\/","og_locale":"es_ES","og_type":"article","og_title":"Donar - ESCUELA VERDE","og_description":"Donar ESCUELA VERDE &#8211; Acton Academy Vieques es una escuela privada (patrocinador fiscal local sin fines de lucro 501-(c)(3) \u00ab juntos Vieques \u00ab) con la misi\u00f3n de inspirar a cada ni\u00f1o y padre a encontrar una vocaci\u00f3n que cambie el mundo. Su contribuci\u00f3n, deducible de impuestos, ayudar\u00e1 a beneficiar el desarrollo del programa GREEN SCHOOL [&hellip;]","og_url":"https:\/\/greenschoolvieques.com\/es\/donar\/","og_site_name":"ESCUELA VERDE","article_modified_time":"2022-04-10T20:32:11+00:00","twitter_card":"summary_large_image","twitter_misc":{"Tiempo de lectura":"1 minuto"},"schema":{"@context":"https:\/\/schema.org","@graph":[{"@type":"WebPage","@id":"https:\/\/greenschoolvieques.com\/es\/donar\/","url":"https:\/\/greenschoolvieques.com\/es\/donar\/","name":"Donar - ESCUELA VERDE","isPartOf":{"@id":"https:\/\/greenschoolvieques.com\/es\/#website"},"datePublished":"2022-04-05T16:09:55+00:00","dateModified":"2022-04-10T20:32:11+00:00","breadcrumb":{"@id":"https:\/\/greenschoolvieques.com\/es\/donar\/#breadcrumb"},"inLanguage":"es","potentialAction":[{"@type":"ReadAction","target":["https:\/\/greenschoolvieques.com\/es\/donar\/"]}]},{"@type":"BreadcrumbList","@id":"https:\/\/greenschoolvieques.com\/es\/donar\/#breadcrumb","itemListElement":[{"@type":"ListItem","position":1,"name":"Home","item":"https:\/\/greenschoolvieques.com\/es\/"},{"@type":"ListItem","position":2,"name":"Donar"}]},{"@type":"WebSite","@id":"https:\/\/greenschoolvieques.com\/es\/#website","url":"https:\/\/greenschoolvieques.com\/es\/","name":"ESCUELA VERDE","description":"Acton Academy Vieques","publisher":{"@id":"https:\/\/greenschoolvieques.com\/es\/#organization"},"potentialAction":[{"@type":"SearchAction","target":{"@type":"EntryPoint","urlTemplate":"https:\/\/greenschoolvieques.com\/es\/?s={search_term_string}"},"query-input":"required name=search_term_string"}],"inLanguage":"es"},{"@type":"Organization","@id":"https:\/\/greenschoolvieques.com\/es\/#organization","name":"ESCUELA VERDE","url":"https:\/\/greenschoolvieques.com\/es\/","logo":{"@type":"ImageObject","inLanguage":"es","@id":"https:\/\/greenschoolvieques.com\/es\/#\/schema\/logo\/image\/","url":"https:\/\/greenschoolvieques.com\/wp-content\/uploads\/2022\/03\/Green-School-3.png","contentUrl":"https:\/\/greenschoolvieques.com\/wp-content\/uploads\/2022\/03\/Green-School-3.png","width":500,"height":500,"caption":"ESCUELA VERDE"},"image":{"@id":"https:\/\/greenschoolvieques.com\/es\/#\/schema\/logo\/image\/"}}]}},"_links":{"self":[{"href":"https:\/\/greenschoolvieques.com\/es\/wp-json\/wp\/v2\/pages\/868"}],"collection":[{"href":"https:\/\/greenschoolvieques.com\/es\/wp-json\/wp\/v2\/pages"}],"about":[{"href":"https:\/\/greenschoolvieques.com\/es\/wp-json\/wp\/v2\/types\/page"}],"author":[{"embeddable":true,"href":"https:\/\/greenschoolvieques.com\/es\/wp-json\/wp\/v2\/users\/9"}],"replies":[{"embeddable":true,"href":"https:\/\/greenschoolvieques.com\/es\/wp-json\/wp\/v2\/comments?post=868"}],"version-history":[{"count":5,"href":"https:\/\/greenschoolvieques.com\/es\/wp-json\/wp\/v2\/pages\/868\/revisions"}],"predecessor-version":[{"id":1194,"href":"https:\/\/greenschoolvieques.com\/es\/wp-json\/wp\/v2\/pages\/868\/revisions\/1194"}],"wp:attachment":[{"href":"https:\/\/greenschoolvieques.com\/es\/wp-json\/wp\/v2\/media?parent=868"}],"curies":[{"name":"wp","href":"https:\/\/api.w.org\/{rel}","templated":true}]}}