{"id":878,"date":"2022-04-05T12:24:39","date_gmt":"2022-04-05T16:24:39","guid":{"rendered":"https:\/\/5df7d446a5.nxcli.io\/proyectos-y-misiones\/"},"modified":"2022-04-09T09:26:20","modified_gmt":"2022-04-09T13:26:20","slug":"proyectos-y-misiones","status":"publish","type":"page","link":"https:\/\/greenschoolvieques.com\/es\/estudios\/proyectos-y-misiones\/","title":{"rendered":"Proyectos y Expidiciones"},"content":{"rendered":"\t\t<div data-elementor-type=\"wp-page\" data-elementor-id=\"878\" class=\"elementor elementor-878 elementor-589\" data-elementor-post-type=\"page\">\n\t\t\t\t\t\t\t\t\t<section class=\"elementor-section elementor-top-section elementor-element elementor-element-1db9b80 elementor-section-height-min-height elementor-section-boxed elementor-section-height-default elementor-section-items-middle\" data-id=\"1db9b80\" data-element_type=\"section\">\n\t\t\t\t\t\t<div class=\"elementor-container elementor-column-gap-default\">\n\t\t\t\t\t<div class=\"elementor-column elementor-col-100 elementor-top-column elementor-element elementor-element-28add846\" data-id=\"28add846\" data-element_type=\"column\">\n\t\t\t<div class=\"elementor-widget-wrap elementor-element-populated\">\n\t\t\t\t\t\t\t\t<div class=\"elementor-element elementor-element-6be17d5a elementor-widget elementor-widget-heading\" data-id=\"6be17d5a\" data-element_type=\"widget\" data-widget_type=\"heading.default\">\n\t\t\t\t<div class=\"elementor-widget-container\">\n\t\t\t<style>\/*! elementor - v3.14.0 - 26-06-2023 *\/\n.elementor-heading-title{padding:0;margin:0;line-height:1}.elementor-widget-heading .elementor-heading-title[class*=elementor-size-]>a{color:inherit;font-size:inherit;line-height:inherit}.elementor-widget-heading .elementor-heading-title.elementor-size-small{font-size:15px}.elementor-widget-heading .elementor-heading-title.elementor-size-medium{font-size:19px}.elementor-widget-heading .elementor-heading-title.elementor-size-large{font-size:29px}.elementor-widget-heading .elementor-heading-title.elementor-size-xl{font-size:39px}.elementor-widget-heading .elementor-heading-title.elementor-size-xxl{font-size:59px}<\/style><h2 class=\"elementor-heading-title elementor-size-default\">Proyectos y Expidiciones (Quests)<\/h2>\t\t<\/div>\n\t\t\t\t<\/div>\n\t\t\t\t<div class=\"elementor-element elementor-element-7578bbeb elementor-widget-divider--view-line elementor-widget elementor-widget-divider\" data-id=\"7578bbeb\" data-element_type=\"widget\" data-widget_type=\"divider.default\">\n\t\t\t\t<div class=\"elementor-widget-container\">\n\t\t\t<style>\/*! elementor - v3.14.0 - 26-06-2023 *\/\n.elementor-widget-divider{--divider-border-style:none;--divider-border-width:1px;--divider-color:#0c0d0e;--divider-icon-size:20px;--divider-element-spacing:10px;--divider-pattern-height:24px;--divider-pattern-size:20px;--divider-pattern-url:none;--divider-pattern-repeat:repeat-x}.elementor-widget-divider .elementor-divider{display:flex}.elementor-widget-divider .elementor-divider__text{font-size:15px;line-height:1;max-width:95%}.elementor-widget-divider .elementor-divider__element{margin:0 var(--divider-element-spacing);flex-shrink:0}.elementor-widget-divider .elementor-icon{font-size:var(--divider-icon-size)}.elementor-widget-divider .elementor-divider-separator{display:flex;margin:0;direction:ltr}.elementor-widget-divider--view-line_icon .elementor-divider-separator,.elementor-widget-divider--view-line_text .elementor-divider-separator{align-items:center}.elementor-widget-divider--view-line_icon .elementor-divider-separator:after,.elementor-widget-divider--view-line_icon .elementor-divider-separator:before,.elementor-widget-divider--view-line_text .elementor-divider-separator:after,.elementor-widget-divider--view-line_text .elementor-divider-separator:before{display:block;content:\"\";border-bottom:0;flex-grow:1;border-top:var(--divider-border-width) var(--divider-border-style) var(--divider-color)}.elementor-widget-divider--element-align-left .elementor-divider .elementor-divider-separator>.elementor-divider__svg:first-of-type{flex-grow:0;flex-shrink:100}.elementor-widget-divider--element-align-left .elementor-divider-separator:before{content:none}.elementor-widget-divider--element-align-left .elementor-divider__element{margin-left:0}.elementor-widget-divider--element-align-right .elementor-divider .elementor-divider-separator>.elementor-divider__svg:last-of-type{flex-grow:0;flex-shrink:100}.elementor-widget-divider--element-align-right .elementor-divider-separator:after{content:none}.elementor-widget-divider--element-align-right .elementor-divider__element{margin-right:0}.elementor-widget-divider:not(.elementor-widget-divider--view-line_text):not(.elementor-widget-divider--view-line_icon) .elementor-divider-separator{border-top:var(--divider-border-width) var(--divider-border-style) var(--divider-color)}.elementor-widget-divider--separator-type-pattern{--divider-border-style:none}.elementor-widget-divider--separator-type-pattern.elementor-widget-divider--view-line .elementor-divider-separator,.elementor-widget-divider--separator-type-pattern:not(.elementor-widget-divider--view-line) .elementor-divider-separator:after,.elementor-widget-divider--separator-type-pattern:not(.elementor-widget-divider--view-line) .elementor-divider-separator:before,.elementor-widget-divider--separator-type-pattern:not([class*=elementor-widget-divider--view]) .elementor-divider-separator{width:100%;min-height:var(--divider-pattern-height);-webkit-mask-size:var(--divider-pattern-size) 100%;mask-size:var(--divider-pattern-size) 100%;-webkit-mask-repeat:var(--divider-pattern-repeat);mask-repeat:var(--divider-pattern-repeat);background-color:var(--divider-color);-webkit-mask-image:var(--divider-pattern-url);mask-image:var(--divider-pattern-url)}.elementor-widget-divider--no-spacing{--divider-pattern-size:auto}.elementor-widget-divider--bg-round{--divider-pattern-repeat:round}.rtl .elementor-widget-divider .elementor-divider__text{direction:rtl}.e-con-inner>.elementor-widget-divider,.e-con>.elementor-widget-divider{width:var(--container-widget-width,100%);--flex-grow:var(--container-widget-flex-grow)}<\/style>\t\t<div class=\"elementor-divider\">\n\t\t\t<span class=\"elementor-divider-separator\">\n\t\t\t\t\t\t<\/span>\n\t\t<\/div>\n\t\t\t\t<\/div>\n\t\t\t\t<\/div>\n\t\t\t\t\t<\/div>\n\t\t<\/div>\n\t\t\t\t\t\t\t<\/div>\n\t\t<\/section>\n\t\t\t\t<section class=\"elementor-section elementor-top-section elementor-element elementor-element-c7780fb elementor-section-boxed elementor-section-height-default elementor-section-height-default\" data-id=\"c7780fb\" data-element_type=\"section\">\n\t\t\t\t\t\t<div class=\"elementor-container elementor-column-gap-default\">\n\t\t\t\t\t<div class=\"elementor-column elementor-col-100 elementor-top-column elementor-element elementor-element-28ef4e42\" data-id=\"28ef4e42\" data-element_type=\"column\">\n\t\t\t<div class=\"elementor-widget-wrap elementor-element-populated\">\n\t\t\t\t\t\t\t\t<section class=\"elementor-section elementor-inner-section elementor-element elementor-element-4d2c4dde elementor-section-boxed elementor-section-height-default elementor-section-height-default\" data-id=\"4d2c4dde\" data-element_type=\"section\">\n\t\t\t\t\t\t<div class=\"elementor-container elementor-column-gap-default\">\n\t\t\t\t\t<div class=\"elementor-column elementor-col-100 elementor-inner-column elementor-element elementor-element-21746e06\" data-id=\"21746e06\" data-element_type=\"column\">\n\t\t\t<div class=\"elementor-widget-wrap elementor-element-populated\">\n\t\t\t\t\t\t\t\t<div class=\"elementor-element elementor-element-1e7e7003 elementor-widget elementor-widget-text-editor\" data-id=\"1e7e7003\" data-element_type=\"widget\" data-widget_type=\"text-editor.default\">\n\t\t\t\t<div class=\"elementor-widget-container\">\n\t\t\t<style>\/*! elementor - v3.14.0 - 26-06-2023 *\/\n.elementor-widget-text-editor.elementor-drop-cap-view-stacked .elementor-drop-cap{background-color:#69727d;color:#fff}.elementor-widget-text-editor.elementor-drop-cap-view-framed .elementor-drop-cap{color:#69727d;border:3px solid;background-color:transparent}.elementor-widget-text-editor:not(.elementor-drop-cap-view-default) .elementor-drop-cap{margin-top:8px}.elementor-widget-text-editor:not(.elementor-drop-cap-view-default) .elementor-drop-cap-letter{width:1em;height:1em}.elementor-widget-text-editor .elementor-drop-cap{float:left;text-align:center;line-height:1;font-size:50px}.elementor-widget-text-editor .elementor-drop-cap-letter{display:inline-block}<\/style>\t\t\t\t<p><strong>Las Expidiciones (Quests) son proyectos en el mundo real para dominar destrezas de siglo 21.<\/strong> Usualmente duran de cuatro a seis semanas. Cada b\u00fasqueda incluye una serie de retos vinculados por una narrativa llamativa que est\u00e1 dise\u00f1ada para aprender destrezas del siglo 21 mientras que simult\u00e1neamente incorpora temas tradicionales como Ciencias, Estudios Sociales e Historia.<\/p>\t\t\t\t\t\t<\/div>\n\t\t\t\t<\/div>\n\t\t\t\t<div class=\"elementor-element elementor-element-4ebc5c12 elementor-widget elementor-widget-image\" data-id=\"4ebc5c12\" data-element_type=\"widget\" data-widget_type=\"image.default\">\n\t\t\t\t<div class=\"elementor-widget-container\">\n\t\t\t<style>\/*! elementor - v3.14.0 - 26-06-2023 *\/\n.elementor-widget-image{text-align:center}.elementor-widget-image a{display:inline-block}.elementor-widget-image a img[src$=\".svg\"]{width:48px}.elementor-widget-image img{vertical-align:middle;display:inline-block}<\/style>\t\t\t\t\t\t\t\t\t\t\t\t<img decoding=\"async\" width=\"800\" height=\"450\" src=\"https:\/\/greenschoolvieques.com\/wp-content\/uploads\/2022\/04\/IMG_7945.png\" class=\"attachment-large size-large wp-image-584\" alt=\"\" loading=\"lazy\" srcset=\"https:\/\/greenschoolvieques.com\/wp-content\/uploads\/2022\/04\/IMG_7945.png 1024w, https:\/\/greenschoolvieques.com\/wp-content\/uploads\/2022\/04\/IMG_7945-300x169.png 300w, https:\/\/greenschoolvieques.com\/wp-content\/uploads\/2022\/04\/IMG_7945-768x432.png 768w\" sizes=\"(max-width: 800px) 100vw, 800px\" \/>\t\t\t\t\t\t\t\t\t\t\t\t\t\t\t<\/div>\n\t\t\t\t<\/div>\n\t\t\t\t<div class=\"elementor-element elementor-element-5abec2b3 elementor-widget elementor-widget-text-editor\" data-id=\"5abec2b3\" data-element_type=\"widget\" data-widget_type=\"text-editor.default\">\n\t\t\t\t<div class=\"elementor-widget-container\">\n\t\t\t\t\t\t\tLos Ingredientes de una Epidicion Exitosa\t\t\t\t\t\t<\/div>\n\t\t\t\t<\/div>\n\t\t\t\t<div class=\"elementor-element elementor-element-65d2a690 elementor-widget elementor-widget-text-editor\" data-id=\"65d2a690\" data-element_type=\"widget\" data-widget_type=\"text-editor.default\">\n\t\t\t\t<div class=\"elementor-widget-container\">\n\t\t\t\t\t\t\t<ul><li><strong>Exhibici\u00f3n: Una gran b\u00fasqueda comienza con la meta de una poderosa Exhibici\u00f3n.<\/strong> Por ejemplo, en el Proyecto de una \u201cExpidicion que puede cambiar el mundo\u201d, los estudiantes saben desde el comienzo que durante su presentaci\u00f3n estar\u00e1n en tarima seis minutos, dando un discurso delante de sus familiares y amistades.<\/li><li><strong>Destrezas para un mundo real: Las expidiciones se enfocan en las destrezas del mundo real, no de memorizar datos para luego tomar un examen.<\/strong> Por ejemplo, en la \u201cExpidicion M\u00e9dico- Biol\u00f3gico\u201d los estudiantes diagnostican enfermedades e interpretan MRIs y radiograf\u00edas. En la Exhibici\u00f3n, los estudiantes ensayan estas destrezas en simulaciones ante sus familiares.<\/li><li><strong>Narrativa y motivaci\u00f3n: Los estudiantes juegan el papel de un h\u00e9roe de la vida real en un momento crucial de la historia, solucionando un problema que les interesa a los estudiantes profundamente.<\/strong> Por ejemplo, en la \u201cExpidicion de Electricidad\u201d los estudiantes desarrollan patentes para nuevos dispositivos el\u00e9ctricos en el laboratorio Menlo de Thomas Edison.<\/li><li><strong>Mediciones reales: En una expidicion se debe tener una forma de medir y rastrear resultados en una forma que asemeje lo mas cercanamente posible el mundo real.<\/strong> Por ejemplo, en el \u201cProyecto de Tirar Puentes\u201d, los estudiantes miden el peso que tiene que aguantar un puente versus el costo de construirlo para buscar un ganador.<\/li><li><strong>Evaluaciones de Peritos: Es del pasado cuando profesionales visitaban las escuelas para hablar de sus trabajos.<\/strong> Mas bien invitamos a profesionales y peritos exitosos a que visiten nuestro recinto para brindarnos su parecer sobre los trabajos y proyectos de nuestros estudiantes. \u00bfQu\u00e9 mejor forma de asegurar que los estudiantes (y gu\u00edas) entiendan las exigencias de este mundo en pleno siglo 21?<\/li><li><strong>Dirigido por el alumno:<\/strong> Un gu\u00eda puede desempe\u00f1ar un papel en la preparaci\u00f3n del escenario y en la facilitaci\u00f3n de la discusi\u00f3n para iniciar cada d\u00eda y luego pedir las lecciones aprendidas, pero los estudiantes est\u00e1n en gran medida por su cuenta para navegar por los desaf\u00edos de la Expidicion. Por ejemplo, en la \u00abExpidicion de la qu\u00edmica de los detectives\u00bb, los gu\u00edas dejan pistas para que los alumnos resuelvan un crimen por su cuenta, utilizando la ciencia forense.<\/li><\/ul>\t\t\t\t\t\t<\/div>\n\t\t\t\t<\/div>\n\t\t\t\t<div class=\"elementor-element elementor-element-3ba243aa elementor-widget elementor-widget-text-editor\" data-id=\"3ba243aa\" data-element_type=\"widget\" data-widget_type=\"text-editor.default\">\n\t\t\t\t<div class=\"elementor-widget-container\">\n\t\t\t\t\t\t\t<h3>\u00bfCu\u00e1ndo se realizan las Expidiciones?<\/h3>\t\t\t\t\t\t<\/div>\n\t\t\t\t<\/div>\n\t\t\t\t<div class=\"elementor-element elementor-element-5a97dab8 elementor-widget elementor-widget-text-editor\" data-id=\"5a97dab8\" data-element_type=\"widget\" data-widget_type=\"text-editor.default\">\n\t\t\t\t<div class=\"elementor-widget-container\">\n\t\t\t\t\t\t\t<p>Tres veces por semana, los alumnos dedican aproximadamente de 2 a 2,5 horas.<\/p>\t\t\t\t\t\t<\/div>\n\t\t\t\t<\/div>\n\t\t\t\t<div class=\"elementor-element elementor-element-67813724 elementor-widget elementor-widget-text-editor\" data-id=\"67813724\" data-element_type=\"widget\" data-widget_type=\"text-editor.default\">\n\t\t\t\t<div class=\"elementor-widget-container\">\n\t\t\t\t\t\t\t<h3>\u00bfC\u00f3mo se mide el progreso?<\/h3>\t\t\t\t\t\t<\/div>\n\t\t\t\t<\/div>\n\t\t\t\t<div class=\"elementor-element elementor-element-498a0d15 elementor-widget elementor-widget-text-editor\" data-id=\"498a0d15\" data-element_type=\"widget\" data-widget_type=\"text-editor.default\">\n\t\t\t\t<div class=\"elementor-widget-container\">\n\t\t\t\t\t\t\t<ul><li>Puntos por desaf\u00edos ganados<\/li><li>Condecoraciones para las misiones completadas<\/li><li>Exposiciones de obras terminadas<\/li><li>Comentarios de usuarios y expertos externos<\/li><li>Portafolios de trabajos de los que est\u00e1n especialmente orgullosos<\/li><\/ul>\t\t\t\t\t\t<\/div>\n\t\t\t\t<\/div>\n\t\t\t\t\t<\/div>\n\t\t<\/div>\n\t\t\t\t\t\t\t<\/div>\n\t\t<\/section>\n\t\t\t\t\t<\/div>\n\t\t<\/div>\n\t\t\t\t\t\t\t<\/div>\n\t\t<\/section>\n\t\t\t\t\t\t\t<\/div>\n\t\t","protected":false},"excerpt":{"rendered":"<p>Proyectos y Expidiciones (Quests) Las Expidiciones (Quests) son proyectos en el mundo real para dominar destrezas de siglo 21. Usualmente duran de cuatro a seis semanas. Cada b\u00fasqueda incluye una serie de retos vinculados por una narrativa llamativa que est\u00e1 dise\u00f1ada para aprender destrezas del siglo 21 mientras que simult\u00e1neamente incorpora temas tradicionales como Ciencias, [&hellip;]<\/p>\n","protected":false},"author":9,"featured_media":0,"parent":890,"menu_order":0,"comment_status":"closed","ping_status":"closed","template":"","meta":[],"yoast_head":"<!-- This site is optimized with the Yoast SEO plugin v21.2 - https:\/\/yoast.com\/wordpress\/plugins\/seo\/ -->\n<title>Proyectos y Expidiciones - ESCUELA VERDE<\/title>\n<meta name=\"robots\" content=\"index, follow, max-snippet:-1, max-image-preview:large, max-video-preview:-1\" \/>\n<link rel=\"canonical\" href=\"https:\/\/greenschoolvieques.com\/es\/estudios\/proyectos-y-misiones\/\" \/>\n<meta property=\"og:locale\" content=\"es_ES\" \/>\n<meta property=\"og:type\" content=\"article\" \/>\n<meta property=\"og:title\" content=\"Proyectos y Expidiciones - ESCUELA VERDE\" \/>\n<meta property=\"og:description\" content=\"Proyectos y Expidiciones (Quests) Las Expidiciones (Quests) son proyectos en el mundo real para dominar destrezas de siglo 21. Usualmente duran de cuatro a seis semanas. Cada b\u00fasqueda incluye una serie de retos vinculados por una narrativa llamativa que est\u00e1 dise\u00f1ada para aprender destrezas del siglo 21 mientras que simult\u00e1neamente incorpora temas tradicionales como Ciencias, [&hellip;]\" \/>\n<meta property=\"og:url\" content=\"https:\/\/greenschoolvieques.com\/es\/estudios\/proyectos-y-misiones\/\" \/>\n<meta property=\"og:site_name\" content=\"ESCUELA VERDE\" \/>\n<meta property=\"article:modified_time\" content=\"2022-04-09T13:26:20+00:00\" \/>\n<meta property=\"og:image\" content=\"https:\/\/greenschoolvieques.com\/wp-content\/uploads\/2022\/04\/IMG_7945.png\" \/>\n<meta name=\"twitter:card\" content=\"summary_large_image\" \/>\n<meta name=\"twitter:label1\" content=\"Tiempo de lectura\" \/>\n\t<meta name=\"twitter:data1\" content=\"2 minutos\" \/>\n<script type=\"application\/ld+json\" class=\"yoast-schema-graph\">{\"@context\":\"https:\/\/schema.org\",\"@graph\":[{\"@type\":\"WebPage\",\"@id\":\"https:\/\/greenschoolvieques.com\/es\/estudios\/proyectos-y-misiones\/\",\"url\":\"https:\/\/greenschoolvieques.com\/es\/estudios\/proyectos-y-misiones\/\",\"name\":\"Proyectos y Expidiciones - ESCUELA VERDE\",\"isPartOf\":{\"@id\":\"https:\/\/greenschoolvieques.com\/es\/#website\"},\"datePublished\":\"2022-04-05T16:24:39+00:00\",\"dateModified\":\"2022-04-09T13:26:20+00:00\",\"breadcrumb\":{\"@id\":\"https:\/\/greenschoolvieques.com\/es\/estudios\/proyectos-y-misiones\/#breadcrumb\"},\"inLanguage\":\"es\",\"potentialAction\":[{\"@type\":\"ReadAction\",\"target\":[\"https:\/\/greenschoolvieques.com\/es\/estudios\/proyectos-y-misiones\/\"]}]},{\"@type\":\"BreadcrumbList\",\"@id\":\"https:\/\/greenschoolvieques.com\/es\/estudios\/proyectos-y-misiones\/#breadcrumb\",\"itemListElement\":[{\"@type\":\"ListItem\",\"position\":1,\"name\":\"Home\",\"item\":\"https:\/\/greenschoolvieques.com\/es\/\"},{\"@type\":\"ListItem\",\"position\":2,\"name\":\"Estudios\",\"item\":\"https:\/\/greenschoolvieques.com\/es\/estudios\/\"},{\"@type\":\"ListItem\",\"position\":3,\"name\":\"Proyectos y Expidiciones\"}]},{\"@type\":\"WebSite\",\"@id\":\"https:\/\/greenschoolvieques.com\/es\/#website\",\"url\":\"https:\/\/greenschoolvieques.com\/es\/\",\"name\":\"ESCUELA VERDE\",\"description\":\"Acton Academy Vieques\",\"publisher\":{\"@id\":\"https:\/\/greenschoolvieques.com\/es\/#organization\"},\"potentialAction\":[{\"@type\":\"SearchAction\",\"target\":{\"@type\":\"EntryPoint\",\"urlTemplate\":\"https:\/\/greenschoolvieques.com\/es\/?s={search_term_string}\"},\"query-input\":\"required name=search_term_string\"}],\"inLanguage\":\"es\"},{\"@type\":\"Organization\",\"@id\":\"https:\/\/greenschoolvieques.com\/es\/#organization\",\"name\":\"ESCUELA VERDE\",\"url\":\"https:\/\/greenschoolvieques.com\/es\/\",\"logo\":{\"@type\":\"ImageObject\",\"inLanguage\":\"es\",\"@id\":\"https:\/\/greenschoolvieques.com\/es\/#\/schema\/logo\/image\/\",\"url\":\"https:\/\/greenschoolvieques.com\/wp-content\/uploads\/2022\/03\/Green-School-3.png\",\"contentUrl\":\"https:\/\/greenschoolvieques.com\/wp-content\/uploads\/2022\/03\/Green-School-3.png\",\"width\":500,\"height\":500,\"caption\":\"ESCUELA VERDE\"},\"image\":{\"@id\":\"https:\/\/greenschoolvieques.com\/es\/#\/schema\/logo\/image\/\"}}]}<\/script>\n<!-- \/ Yoast SEO plugin. -->","yoast_head_json":{"title":"Proyectos y Expidiciones - ESCUELA VERDE","robots":{"index":"index","follow":"follow","max-snippet":"max-snippet:-1","max-image-preview":"max-image-preview:large","max-video-preview":"max-video-preview:-1"},"canonical":"https:\/\/greenschoolvieques.com\/es\/estudios\/proyectos-y-misiones\/","og_locale":"es_ES","og_type":"article","og_title":"Proyectos y Expidiciones - ESCUELA VERDE","og_description":"Proyectos y Expidiciones (Quests) Las Expidiciones (Quests) son proyectos en el mundo real para dominar destrezas de siglo 21. Usualmente duran de cuatro a seis semanas. Cada b\u00fasqueda incluye una serie de retos vinculados por una narrativa llamativa que est\u00e1 dise\u00f1ada para aprender destrezas del siglo 21 mientras que simult\u00e1neamente incorpora temas tradicionales como Ciencias, [&hellip;]","og_url":"https:\/\/greenschoolvieques.com\/es\/estudios\/proyectos-y-misiones\/","og_site_name":"ESCUELA VERDE","article_modified_time":"2022-04-09T13:26:20+00:00","og_image":[{"url":"https:\/\/greenschoolvieques.com\/wp-content\/uploads\/2022\/04\/IMG_7945.png"}],"twitter_card":"summary_large_image","twitter_misc":{"Tiempo de lectura":"2 minutos"},"schema":{"@context":"https:\/\/schema.org","@graph":[{"@type":"WebPage","@id":"https:\/\/greenschoolvieques.com\/es\/estudios\/proyectos-y-misiones\/","url":"https:\/\/greenschoolvieques.com\/es\/estudios\/proyectos-y-misiones\/","name":"Proyectos y Expidiciones - ESCUELA VERDE","isPartOf":{"@id":"https:\/\/greenschoolvieques.com\/es\/#website"},"datePublished":"2022-04-05T16:24:39+00:00","dateModified":"2022-04-09T13:26:20+00:00","breadcrumb":{"@id":"https:\/\/greenschoolvieques.com\/es\/estudios\/proyectos-y-misiones\/#breadcrumb"},"inLanguage":"es","potentialAction":[{"@type":"ReadAction","target":["https:\/\/greenschoolvieques.com\/es\/estudios\/proyectos-y-misiones\/"]}]},{"@type":"BreadcrumbList","@id":"https:\/\/greenschoolvieques.com\/es\/estudios\/proyectos-y-misiones\/#breadcrumb","itemListElement":[{"@type":"ListItem","position":1,"name":"Home","item":"https:\/\/greenschoolvieques.com\/es\/"},{"@type":"ListItem","position":2,"name":"Estudios","item":"https:\/\/greenschoolvieques.com\/es\/estudios\/"},{"@type":"ListItem","position":3,"name":"Proyectos y Expidiciones"}]},{"@type":"WebSite","@id":"https:\/\/greenschoolvieques.com\/es\/#website","url":"https:\/\/greenschoolvieques.com\/es\/","name":"ESCUELA VERDE","description":"Acton Academy Vieques","publisher":{"@id":"https:\/\/greenschoolvieques.com\/es\/#organization"},"potentialAction":[{"@type":"SearchAction","target":{"@type":"EntryPoint","urlTemplate":"https:\/\/greenschoolvieques.com\/es\/?s={search_term_string}"},"query-input":"required name=search_term_string"}],"inLanguage":"es"},{"@type":"Organization","@id":"https:\/\/greenschoolvieques.com\/es\/#organization","name":"ESCUELA VERDE","url":"https:\/\/greenschoolvieques.com\/es\/","logo":{"@type":"ImageObject","inLanguage":"es","@id":"https:\/\/greenschoolvieques.com\/es\/#\/schema\/logo\/image\/","url":"https:\/\/greenschoolvieques.com\/wp-content\/uploads\/2022\/03\/Green-School-3.png","contentUrl":"https:\/\/greenschoolvieques.com\/wp-content\/uploads\/2022\/03\/Green-School-3.png","width":500,"height":500,"caption":"ESCUELA VERDE"},"image":{"@id":"https:\/\/greenschoolvieques.com\/es\/#\/schema\/logo\/image\/"}}]}},"_links":{"self":[{"href":"https:\/\/greenschoolvieques.com\/es\/wp-json\/wp\/v2\/pages\/878"}],"collection":[{"href":"https:\/\/greenschoolvieques.com\/es\/wp-json\/wp\/v2\/pages"}],"about":[{"href":"https:\/\/greenschoolvieques.com\/es\/wp-json\/wp\/v2\/types\/page"}],"author":[{"embeddable":true,"href":"https:\/\/greenschoolvieques.com\/es\/wp-json\/wp\/v2\/users\/9"}],"replies":[{"embeddable":true,"href":"https:\/\/greenschoolvieques.com\/es\/wp-json\/wp\/v2\/comments?post=878"}],"version-history":[{"count":5,"href":"https:\/\/greenschoolvieques.com\/es\/wp-json\/wp\/v2\/pages\/878\/revisions"}],"predecessor-version":[{"id":1169,"href":"https:\/\/greenschoolvieques.com\/es\/wp-json\/wp\/v2\/pages\/878\/revisions\/1169"}],"up":[{"embeddable":true,"href":"https:\/\/greenschoolvieques.com\/es\/wp-json\/wp\/v2\/pages\/890"}],"wp:attachment":[{"href":"https:\/\/greenschoolvieques.com\/es\/wp-json\/wp\/v2\/media?parent=878"}],"curies":[{"name":"wp","href":"https:\/\/api.w.org\/{rel}","templated":true}]}}