{"id":890,"date":"2022-04-05T12:19:20","date_gmt":"2022-04-05T16:19:20","guid":{"rendered":"https:\/\/5df7d446a5.nxcli.io\/estudios\/"},"modified":"2022-04-09T08:47:51","modified_gmt":"2022-04-09T12:47:51","slug":"estudios","status":"publish","type":"page","link":"https:\/\/greenschoolvieques.com\/es\/estudios\/","title":{"rendered":"Estudios"},"content":{"rendered":"\t\t<div data-elementor-type=\"wp-page\" data-elementor-id=\"890\" class=\"elementor elementor-890 elementor-564\" data-elementor-post-type=\"page\">\n\t\t\t\t\t\t\t\t\t<section class=\"elementor-section elementor-top-section elementor-element elementor-element-2c8017b8 elementor-section-height-min-height elementor-section-boxed elementor-section-height-default elementor-section-items-middle\" data-id=\"2c8017b8\" data-element_type=\"section\" data-settings=\"{&quot;background_background&quot;:&quot;classic&quot;}\">\n\t\t\t\t\t\t<div class=\"elementor-container elementor-column-gap-default\">\n\t\t\t\t\t<div class=\"elementor-column elementor-col-100 elementor-top-column elementor-element elementor-element-6ee6ab05\" data-id=\"6ee6ab05\" data-element_type=\"column\">\n\t\t\t<div class=\"elementor-widget-wrap\">\n\t\t\t\t\t\t\t\t\t<\/div>\n\t\t<\/div>\n\t\t\t\t\t\t\t<\/div>\n\t\t<\/section>\n\t\t\t\t<section class=\"elementor-section elementor-top-section elementor-element elementor-element-24c6f4ed elementor-section-height-min-height elementor-section-boxed elementor-section-height-default elementor-section-items-middle\" data-id=\"24c6f4ed\" data-element_type=\"section\">\n\t\t\t\t\t\t<div class=\"elementor-container elementor-column-gap-default\">\n\t\t\t\t\t<div class=\"elementor-column elementor-col-100 elementor-top-column elementor-element elementor-element-745b8c41\" data-id=\"745b8c41\" data-element_type=\"column\">\n\t\t\t<div class=\"elementor-widget-wrap elementor-element-populated\">\n\t\t\t\t\t\t\t\t<div class=\"elementor-element elementor-element-2f4901fc elementor-widget elementor-widget-heading\" data-id=\"2f4901fc\" data-element_type=\"widget\" data-widget_type=\"heading.default\">\n\t\t\t\t<div class=\"elementor-widget-container\">\n\t\t\t<style>\/*! elementor - v3.14.0 - 26-06-2023 *\/\n.elementor-heading-title{padding:0;margin:0;line-height:1}.elementor-widget-heading .elementor-heading-title[class*=elementor-size-]>a{color:inherit;font-size:inherit;line-height:inherit}.elementor-widget-heading .elementor-heading-title.elementor-size-small{font-size:15px}.elementor-widget-heading .elementor-heading-title.elementor-size-medium{font-size:19px}.elementor-widget-heading .elementor-heading-title.elementor-size-large{font-size:29px}.elementor-widget-heading .elementor-heading-title.elementor-size-xl{font-size:39px}.elementor-widget-heading .elementor-heading-title.elementor-size-xxl{font-size:59px}<\/style><h2 class=\"elementor-heading-title elementor-size-default\">Estudios<\/h2>\t\t<\/div>\n\t\t\t\t<\/div>\n\t\t\t\t<div class=\"elementor-element elementor-element-5c328576 elementor-widget-divider--view-line elementor-widget elementor-widget-divider\" data-id=\"5c328576\" data-element_type=\"widget\" data-widget_type=\"divider.default\">\n\t\t\t\t<div class=\"elementor-widget-container\">\n\t\t\t<style>\/*! elementor - v3.14.0 - 26-06-2023 *\/\n.elementor-widget-divider{--divider-border-style:none;--divider-border-width:1px;--divider-color:#0c0d0e;--divider-icon-size:20px;--divider-element-spacing:10px;--divider-pattern-height:24px;--divider-pattern-size:20px;--divider-pattern-url:none;--divider-pattern-repeat:repeat-x}.elementor-widget-divider .elementor-divider{display:flex}.elementor-widget-divider .elementor-divider__text{font-size:15px;line-height:1;max-width:95%}.elementor-widget-divider .elementor-divider__element{margin:0 var(--divider-element-spacing);flex-shrink:0}.elementor-widget-divider .elementor-icon{font-size:var(--divider-icon-size)}.elementor-widget-divider .elementor-divider-separator{display:flex;margin:0;direction:ltr}.elementor-widget-divider--view-line_icon .elementor-divider-separator,.elementor-widget-divider--view-line_text .elementor-divider-separator{align-items:center}.elementor-widget-divider--view-line_icon .elementor-divider-separator:after,.elementor-widget-divider--view-line_icon .elementor-divider-separator:before,.elementor-widget-divider--view-line_text .elementor-divider-separator:after,.elementor-widget-divider--view-line_text .elementor-divider-separator:before{display:block;content:\"\";border-bottom:0;flex-grow:1;border-top:var(--divider-border-width) var(--divider-border-style) var(--divider-color)}.elementor-widget-divider--element-align-left .elementor-divider .elementor-divider-separator>.elementor-divider__svg:first-of-type{flex-grow:0;flex-shrink:100}.elementor-widget-divider--element-align-left .elementor-divider-separator:before{content:none}.elementor-widget-divider--element-align-left .elementor-divider__element{margin-left:0}.elementor-widget-divider--element-align-right .elementor-divider .elementor-divider-separator>.elementor-divider__svg:last-of-type{flex-grow:0;flex-shrink:100}.elementor-widget-divider--element-align-right .elementor-divider-separator:after{content:none}.elementor-widget-divider--element-align-right .elementor-divider__element{margin-right:0}.elementor-widget-divider:not(.elementor-widget-divider--view-line_text):not(.elementor-widget-divider--view-line_icon) .elementor-divider-separator{border-top:var(--divider-border-width) var(--divider-border-style) var(--divider-color)}.elementor-widget-divider--separator-type-pattern{--divider-border-style:none}.elementor-widget-divider--separator-type-pattern.elementor-widget-divider--view-line .elementor-divider-separator,.elementor-widget-divider--separator-type-pattern:not(.elementor-widget-divider--view-line) .elementor-divider-separator:after,.elementor-widget-divider--separator-type-pattern:not(.elementor-widget-divider--view-line) .elementor-divider-separator:before,.elementor-widget-divider--separator-type-pattern:not([class*=elementor-widget-divider--view]) .elementor-divider-separator{width:100%;min-height:var(--divider-pattern-height);-webkit-mask-size:var(--divider-pattern-size) 100%;mask-size:var(--divider-pattern-size) 100%;-webkit-mask-repeat:var(--divider-pattern-repeat);mask-repeat:var(--divider-pattern-repeat);background-color:var(--divider-color);-webkit-mask-image:var(--divider-pattern-url);mask-image:var(--divider-pattern-url)}.elementor-widget-divider--no-spacing{--divider-pattern-size:auto}.elementor-widget-divider--bg-round{--divider-pattern-repeat:round}.rtl .elementor-widget-divider .elementor-divider__text{direction:rtl}.e-con-inner>.elementor-widget-divider,.e-con>.elementor-widget-divider{width:var(--container-widget-width,100%);--flex-grow:var(--container-widget-flex-grow)}<\/style>\t\t<div class=\"elementor-divider\">\n\t\t\t<span class=\"elementor-divider-separator\">\n\t\t\t\t\t\t<\/span>\n\t\t<\/div>\n\t\t\t\t<\/div>\n\t\t\t\t<\/div>\n\t\t\t\t\t<\/div>\n\t\t<\/div>\n\t\t\t\t\t\t\t<\/div>\n\t\t<\/section>\n\t\t\t\t<section class=\"elementor-section elementor-top-section elementor-element elementor-element-57603973 elementor-section-boxed elementor-section-height-default elementor-section-height-default\" data-id=\"57603973\" data-element_type=\"section\">\n\t\t\t\t\t\t<div class=\"elementor-container elementor-column-gap-default\">\n\t\t\t\t\t<div class=\"elementor-column elementor-col-100 elementor-top-column elementor-element elementor-element-76032f47\" data-id=\"76032f47\" data-element_type=\"column\">\n\t\t\t<div class=\"elementor-widget-wrap elementor-element-populated\">\n\t\t\t\t\t\t\t\t<section class=\"elementor-section elementor-inner-section elementor-element elementor-element-77e7c55f elementor-section-boxed elementor-section-height-default elementor-section-height-default\" data-id=\"77e7c55f\" data-element_type=\"section\">\n\t\t\t\t\t\t<div class=\"elementor-container elementor-column-gap-default\">\n\t\t\t\t\t<div class=\"elementor-column elementor-col-100 elementor-inner-column elementor-element elementor-element-13e5fd3a\" data-id=\"13e5fd3a\" data-element_type=\"column\">\n\t\t\t<div class=\"elementor-widget-wrap elementor-element-populated\">\n\t\t\t\t\t\t\t\t<div class=\"elementor-element elementor-element-632a32d9 elementor-widget elementor-widget-text-editor\" data-id=\"632a32d9\" data-element_type=\"widget\" data-widget_type=\"text-editor.default\">\n\t\t\t\t<div class=\"elementor-widget-container\">\n\t\t\t<style>\/*! elementor - v3.14.0 - 26-06-2023 *\/\n.elementor-widget-text-editor.elementor-drop-cap-view-stacked .elementor-drop-cap{background-color:#69727d;color:#fff}.elementor-widget-text-editor.elementor-drop-cap-view-framed .elementor-drop-cap{color:#69727d;border:3px solid;background-color:transparent}.elementor-widget-text-editor:not(.elementor-drop-cap-view-default) .elementor-drop-cap{margin-top:8px}.elementor-widget-text-editor:not(.elementor-drop-cap-view-default) .elementor-drop-cap-letter{width:1em;height:1em}.elementor-widget-text-editor .elementor-drop-cap{float:left;text-align:center;line-height:1;font-size:50px}.elementor-widget-text-editor .elementor-drop-cap-letter{display:inline-block}<\/style>\t\t\t\t<p>Los Estudios en la Escuela Verde son espacios bellos y flexibles para trabajar, aprender y jugar. Cada estudio es una comunidad estrecha de estudiantes de edades mixtas que se apoyan uno al otro y que colaboran a diario. Este ambiente fomenta el surgimiento de una cultura de respeto y en gran medida el desarrollo de car\u00e1cter. <\/p><p>Hemos reemplazado los motivadores externos tales como los ex\u00e1menes estandarizados en los que descansan muchas decisiones y el sistema de notas para marcar el desarrollo intr\u00ednseco para que nuestros estudiantes se sientan motivados a trabajar con ah\u00ednco y tambi\u00e9n puedan divertirse. El respeto es la base de cada destreza que aprendemos en la Escuela Verde. Respetamos nuestro tiempo, a nuestros compa\u00f1eros estudiantes, nuestro espacio y nuestros materiales. Los estudiantes trabajan juntos para crear reglas para el espacio. Algunas \u00e1reas no ser\u00e1n de juego, mientras que otras ser\u00e1n mas flexibles. Al final, los alumnos se re\u00fanen para acordar esas reglas y promesas b\u00e1sicas, todas ellas basadas en la promesa clave de no distraerse ni distraer a los dem\u00e1s durante los momentos de trabajo.<\/p>\t\t\t\t\t\t<\/div>\n\t\t\t\t<\/div>\n\t\t\t\t<div class=\"elementor-element elementor-element-5307b1d8 elementor-widget elementor-widget-text-editor\" data-id=\"5307b1d8\" data-element_type=\"widget\" data-widget_type=\"text-editor.default\">\n\t\t\t\t<div class=\"elementor-widget-container\">\n\t\t\t\t\t\t\t<p>ESTUDIO ELEMENTAL<\/p>\t\t\t\t\t\t<\/div>\n\t\t\t\t<\/div>\n\t\t\t\t<div class=\"elementor-element elementor-element-d112e16 elementor-widget elementor-widget-text-editor\" data-id=\"d112e16\" data-element_type=\"widget\" data-widget_type=\"text-editor.default\">\n\t\t\t\t<div class=\"elementor-widget-container\">\n\t\t\t\t\t\t\t<p>El Estudio en la Elemental es un lugar para los chicos entre las edades de 7-11 (Grados 2-5) donde juntos aprenden destrezas b\u00e1sicas, de vida y edificantes de car\u00e1cter, con amplias oportunidades de colaboraci\u00f3n, exploraci\u00f3n, y juegos libres. A los estudiantes m\u00e1s j\u00f3venes le ofrecemos una combinaci\u00f3n de ambientes de aprendizaje al estilo Montessori y Waldorf para el desarrollo integral: cognitivo, f\u00edsico, emocional y social. Nuestros peque\u00f1os se adentran en sus exploraciones de forma activa (Quests), con discusiones Socr\u00e1ticas apropiadas a su edad, con trabajo en equipo y aprendizaje centrado en el juego. Ellos practican el establecer metas b\u00e1sicas y completar retos a su paso para ganar condecoraciones de aprendizaje. El Estudio Elemental construye las bases de la lectura, las matem\u00e1ticas, las ciencias, la ciudadan\u00eda y las habilidades de aprendizaje independiente.<\/p><p>Los ni\u00f1os usan materiales pr\u00e1cticos y la tecnolog\u00eda adaptiva para ir edificando una base s\u00f3lida de destrezas b\u00e1sicas. Los mas peque\u00f1os tienen mas tiempo para explorar y jugar, una de las formas mas efectivas de desarrollar destrezas sociales y de resoluci\u00f3n de problemas. Ellos aprenden a establecer metas, a trabajar en colaboraci\u00f3n, amar el aprender mientras ayudan y son ayudados por sus amigos en el Estudio.<\/p>\t\t\t\t\t\t<\/div>\n\t\t\t\t<\/div>\n\t\t\t\t\t<\/div>\n\t\t<\/div>\n\t\t\t\t\t\t\t<\/div>\n\t\t<\/section>\n\t\t\t\t\t<\/div>\n\t\t<\/div>\n\t\t\t\t\t\t\t<\/div>\n\t\t<\/section>\n\t\t\t\t\t\t\t<\/div>\n\t\t","protected":false},"excerpt":{"rendered":"<p>Estudios Los Estudios en la Escuela Verde son espacios bellos y flexibles para trabajar, aprender y jugar. Cada estudio es una comunidad estrecha de estudiantes de edades mixtas que se apoyan uno al otro y que colaboran a diario. Este ambiente fomenta el surgimiento de una cultura de respeto y en gran medida el desarrollo [&hellip;]<\/p>\n","protected":false},"author":9,"featured_media":0,"parent":0,"menu_order":0,"comment_status":"closed","ping_status":"closed","template":"","meta":[],"yoast_head":"<!-- This site is optimized with the Yoast SEO plugin v21.2 - https:\/\/yoast.com\/wordpress\/plugins\/seo\/ -->\n<title>Estudios - ESCUELA VERDE<\/title>\n<meta name=\"robots\" content=\"index, follow, max-snippet:-1, max-image-preview:large, max-video-preview:-1\" \/>\n<link rel=\"canonical\" href=\"https:\/\/greenschoolvieques.com\/es\/estudios\/\" \/>\n<meta property=\"og:locale\" content=\"es_ES\" \/>\n<meta property=\"og:type\" content=\"article\" \/>\n<meta property=\"og:title\" content=\"Estudios - ESCUELA VERDE\" \/>\n<meta property=\"og:description\" content=\"Estudios Los Estudios en la Escuela Verde son espacios bellos y flexibles para trabajar, aprender y jugar. Cada estudio es una comunidad estrecha de estudiantes de edades mixtas que se apoyan uno al otro y que colaboran a diario. Este ambiente fomenta el surgimiento de una cultura de respeto y en gran medida el desarrollo [&hellip;]\" \/>\n<meta property=\"og:url\" content=\"https:\/\/greenschoolvieques.com\/es\/estudios\/\" \/>\n<meta property=\"og:site_name\" content=\"ESCUELA VERDE\" \/>\n<meta property=\"article:modified_time\" content=\"2022-04-09T12:47:51+00:00\" \/>\n<meta name=\"twitter:card\" content=\"summary_large_image\" \/>\n<meta name=\"twitter:label1\" content=\"Tiempo de lectura\" \/>\n\t<meta name=\"twitter:data1\" content=\"2 minutos\" \/>\n<script type=\"application\/ld+json\" class=\"yoast-schema-graph\">{\"@context\":\"https:\/\/schema.org\",\"@graph\":[{\"@type\":\"WebPage\",\"@id\":\"https:\/\/greenschoolvieques.com\/es\/estudios\/\",\"url\":\"https:\/\/greenschoolvieques.com\/es\/estudios\/\",\"name\":\"Estudios - ESCUELA VERDE\",\"isPartOf\":{\"@id\":\"https:\/\/greenschoolvieques.com\/es\/#website\"},\"datePublished\":\"2022-04-05T16:19:20+00:00\",\"dateModified\":\"2022-04-09T12:47:51+00:00\",\"breadcrumb\":{\"@id\":\"https:\/\/greenschoolvieques.com\/es\/estudios\/#breadcrumb\"},\"inLanguage\":\"es\",\"potentialAction\":[{\"@type\":\"ReadAction\",\"target\":[\"https:\/\/greenschoolvieques.com\/es\/estudios\/\"]}]},{\"@type\":\"BreadcrumbList\",\"@id\":\"https:\/\/greenschoolvieques.com\/es\/estudios\/#breadcrumb\",\"itemListElement\":[{\"@type\":\"ListItem\",\"position\":1,\"name\":\"Home\",\"item\":\"https:\/\/greenschoolvieques.com\/es\/\"},{\"@type\":\"ListItem\",\"position\":2,\"name\":\"Estudios\"}]},{\"@type\":\"WebSite\",\"@id\":\"https:\/\/greenschoolvieques.com\/es\/#website\",\"url\":\"https:\/\/greenschoolvieques.com\/es\/\",\"name\":\"ESCUELA VERDE\",\"description\":\"Acton Academy Vieques\",\"publisher\":{\"@id\":\"https:\/\/greenschoolvieques.com\/es\/#organization\"},\"potentialAction\":[{\"@type\":\"SearchAction\",\"target\":{\"@type\":\"EntryPoint\",\"urlTemplate\":\"https:\/\/greenschoolvieques.com\/es\/?s={search_term_string}\"},\"query-input\":\"required name=search_term_string\"}],\"inLanguage\":\"es\"},{\"@type\":\"Organization\",\"@id\":\"https:\/\/greenschoolvieques.com\/es\/#organization\",\"name\":\"ESCUELA VERDE\",\"url\":\"https:\/\/greenschoolvieques.com\/es\/\",\"logo\":{\"@type\":\"ImageObject\",\"inLanguage\":\"es\",\"@id\":\"https:\/\/greenschoolvieques.com\/es\/#\/schema\/logo\/image\/\",\"url\":\"https:\/\/greenschoolvieques.com\/wp-content\/uploads\/2022\/03\/Green-School-3.png\",\"contentUrl\":\"https:\/\/greenschoolvieques.com\/wp-content\/uploads\/2022\/03\/Green-School-3.png\",\"width\":500,\"height\":500,\"caption\":\"ESCUELA VERDE\"},\"image\":{\"@id\":\"https:\/\/greenschoolvieques.com\/es\/#\/schema\/logo\/image\/\"}}]}<\/script>\n<!-- \/ Yoast SEO plugin. -->","yoast_head_json":{"title":"Estudios - ESCUELA VERDE","robots":{"index":"index","follow":"follow","max-snippet":"max-snippet:-1","max-image-preview":"max-image-preview:large","max-video-preview":"max-video-preview:-1"},"canonical":"https:\/\/greenschoolvieques.com\/es\/estudios\/","og_locale":"es_ES","og_type":"article","og_title":"Estudios - ESCUELA VERDE","og_description":"Estudios Los Estudios en la Escuela Verde son espacios bellos y flexibles para trabajar, aprender y jugar. Cada estudio es una comunidad estrecha de estudiantes de edades mixtas que se apoyan uno al otro y que colaboran a diario. Este ambiente fomenta el surgimiento de una cultura de respeto y en gran medida el desarrollo [&hellip;]","og_url":"https:\/\/greenschoolvieques.com\/es\/estudios\/","og_site_name":"ESCUELA VERDE","article_modified_time":"2022-04-09T12:47:51+00:00","twitter_card":"summary_large_image","twitter_misc":{"Tiempo de lectura":"2 minutos"},"schema":{"@context":"https:\/\/schema.org","@graph":[{"@type":"WebPage","@id":"https:\/\/greenschoolvieques.com\/es\/estudios\/","url":"https:\/\/greenschoolvieques.com\/es\/estudios\/","name":"Estudios - ESCUELA VERDE","isPartOf":{"@id":"https:\/\/greenschoolvieques.com\/es\/#website"},"datePublished":"2022-04-05T16:19:20+00:00","dateModified":"2022-04-09T12:47:51+00:00","breadcrumb":{"@id":"https:\/\/greenschoolvieques.com\/es\/estudios\/#breadcrumb"},"inLanguage":"es","potentialAction":[{"@type":"ReadAction","target":["https:\/\/greenschoolvieques.com\/es\/estudios\/"]}]},{"@type":"BreadcrumbList","@id":"https:\/\/greenschoolvieques.com\/es\/estudios\/#breadcrumb","itemListElement":[{"@type":"ListItem","position":1,"name":"Home","item":"https:\/\/greenschoolvieques.com\/es\/"},{"@type":"ListItem","position":2,"name":"Estudios"}]},{"@type":"WebSite","@id":"https:\/\/greenschoolvieques.com\/es\/#website","url":"https:\/\/greenschoolvieques.com\/es\/","name":"ESCUELA VERDE","description":"Acton Academy Vieques","publisher":{"@id":"https:\/\/greenschoolvieques.com\/es\/#organization"},"potentialAction":[{"@type":"SearchAction","target":{"@type":"EntryPoint","urlTemplate":"https:\/\/greenschoolvieques.com\/es\/?s={search_term_string}"},"query-input":"required name=search_term_string"}],"inLanguage":"es"},{"@type":"Organization","@id":"https:\/\/greenschoolvieques.com\/es\/#organization","name":"ESCUELA VERDE","url":"https:\/\/greenschoolvieques.com\/es\/","logo":{"@type":"ImageObject","inLanguage":"es","@id":"https:\/\/greenschoolvieques.com\/es\/#\/schema\/logo\/image\/","url":"https:\/\/greenschoolvieques.com\/wp-content\/uploads\/2022\/03\/Green-School-3.png","contentUrl":"https:\/\/greenschoolvieques.com\/wp-content\/uploads\/2022\/03\/Green-School-3.png","width":500,"height":500,"caption":"ESCUELA VERDE"},"image":{"@id":"https:\/\/greenschoolvieques.com\/es\/#\/schema\/logo\/image\/"}}]}},"_links":{"self":[{"href":"https:\/\/greenschoolvieques.com\/es\/wp-json\/wp\/v2\/pages\/890"}],"collection":[{"href":"https:\/\/greenschoolvieques.com\/es\/wp-json\/wp\/v2\/pages"}],"about":[{"href":"https:\/\/greenschoolvieques.com\/es\/wp-json\/wp\/v2\/types\/page"}],"author":[{"embeddable":true,"href":"https:\/\/greenschoolvieques.com\/es\/wp-json\/wp\/v2\/users\/9"}],"replies":[{"embeddable":true,"href":"https:\/\/greenschoolvieques.com\/es\/wp-json\/wp\/v2\/comments?post=890"}],"version-history":[{"count":5,"href":"https:\/\/greenschoolvieques.com\/es\/wp-json\/wp\/v2\/pages\/890\/revisions"}],"predecessor-version":[{"id":1165,"href":"https:\/\/greenschoolvieques.com\/es\/wp-json\/wp\/v2\/pages\/890\/revisions\/1165"}],"wp:attachment":[{"href":"https:\/\/greenschoolvieques.com\/es\/wp-json\/wp\/v2\/media?parent=890"}],"curies":[{"name":"wp","href":"https:\/\/api.w.org\/{rel}","templated":true}]}}